{"id":13,"date":"2025-02-19T19:55:58","date_gmt":"2025-02-19T19:55:58","guid":{"rendered":"https:\/\/tiwastech.com\/om\/"},"modified":"2025-03-18T09:05:25","modified_gmt":"2025-03-18T08:05:25","slug":"om","status":"publish","type":"page","link":"https:\/\/tiwastech.com\/en\/om\/","title":{"rendered":"About"},"content":{"rendered":"<div class=\"wp-block-group alignfull has-foreground-background-color has-background has-global-padding is-layout-constrained wp-block-group-is-layout-constrained\" style=\"margin-top:0;margin-bottom:0;padding-top:0;padding-bottom:0\">\n<div class=\"wp-block-group alignwide has-global-padding is-layout-constrained wp-block-group-is-layout-constrained\" style=\"padding-top:var(--wp--preset--spacing--30);padding-bottom:var(--wp--preset--spacing--30)\">\n<h1 class=\"wp-block-heading alignwide has-background-color has-text-color\" style=\"font-size:clamp(0.875rem, 0.875rem + ((1vw - 0.2rem) * 0.625), 1.25rem);\">About<\/h1>\n<\/div>\n<\/div>\n\n\n\n<div class=\"wp-block-group alignfull has-tertiary-background-color has-background has-global-padding is-layout-constrained wp-container-core-group-is-layout-7276a2bb wp-block-group-is-layout-constrained\" id=\"about\" style=\"margin-top:0;margin-bottom:0;padding-top:var(--wp--preset--spacing--60);padding-right:var(--wp--preset--spacing--30);padding-bottom:var(--wp--preset--spacing--60);padding-left:var(--wp--preset--spacing--30)\">\n<div class=\"wp-block-columns alignwide is-layout-flex wp-container-core-columns-is-layout-47c06fe3 wp-block-columns-is-layout-flex\">\n<div class=\"wp-block-column is-layout-flow wp-container-core-column-is-layout-119bc444 wp-block-column-is-layout-flow\" style=\"flex-basis:60%\">\n<h2 class=\"wp-block-heading\">Unlock the potential with TIWAS TECH<\/h2>\n\n\n\n<p class=\"has-small-font-size\" style=\"margin-top:16px\">TIWAS TECH is led by Simon H\u00f8xbro Stubben, who brings more than 10 years of experience in IT architecture, data and AI. The name \u2018Tiwas\u2019 is a rune symbol (\u16cf), also known as the Tyr rune, as it is inspired by the Old Norse god Tyr. Tiwas symbolises integrity, courage and leadership \u2013 precisely the values that TIWAS TECH stands for in its approach to IT advisory.<\/p>\n\n\n\n<div class=\"wp-block-buttons is-content-justification-left is-layout-flex wp-container-core-buttons-is-layout-fc4fd283 wp-block-buttons-is-layout-flex\"><\/div>\n<\/div>\n\n\n\n<div class=\"wp-block-column is-vertically-aligned-top is-layout-flow wp-container-core-column-is-layout-f5bb311e wp-block-column-is-layout-flow\" style=\"flex-basis:50%\">\n<figure class=\"wp-block-image size-full has-custom-border extendify-image-import\"><img decoding=\"async\" src=\"https:\/\/tiwastech.com\/wp-content\/uploads\/2025\/02\/flyd-OQptsc4P3NM-unsplash.jpg\" alt=\"\" class=\"wp-image-56\" style=\"border-radius:1.5rem;aspect-ratio:1;object-fit:cover\"\/><\/figure>\n<\/div>\n<\/div>\n<\/div>","protected":false},"excerpt":{"rendered":"<p>Om L\u00e5s potentialet op med TIWAS TECH TIWAS TECH er drevet af Simon H\u00f8xbro Stubben, der bringer mere end 10 \u00e5rs erfaring inden for IT arkitektur, data og AI. Navnet \u2018Tiwas\u2019 er et rune-symbol (\u16cf), ogs\u00e5 kaldet Tyr-runen, da det er inspireret af den oldnordiske gud Tyr. Tiwas symboliserer integritet, mod og lederskab \u2013 pr\u00e6cis [&hellip;]<\/p>\n","protected":false},"author":1,"featured_media":0,"parent":0,"menu_order":0,"comment_status":"closed","ping_status":"closed","template":"no-title","meta":{"inline_featured_image":false,"footnotes":""},"class_list":["post-13","page","type-page","status-publish","hentry"],"aioseo_notices":[],"_links":{"self":[{"href":"https:\/\/tiwastech.com\/en\/wp-json\/wp\/v2\/pages\/13","targetHints":{"allow":["GET"]}}],"collection":[{"href":"https:\/\/tiwastech.com\/en\/wp-json\/wp\/v2\/pages"}],"about":[{"href":"https:\/\/tiwastech.com\/en\/wp-json\/wp\/v2\/types\/page"}],"author":[{"embeddable":true,"href":"https:\/\/tiwastech.com\/en\/wp-json\/wp\/v2\/users\/1"}],"replies":[{"embeddable":true,"href":"https:\/\/tiwastech.com\/en\/wp-json\/wp\/v2\/comments?post=13"}],"version-history":[{"count":6,"href":"https:\/\/tiwastech.com\/en\/wp-json\/wp\/v2\/pages\/13\/revisions"}],"predecessor-version":[{"id":202,"href":"https:\/\/tiwastech.com\/en\/wp-json\/wp\/v2\/pages\/13\/revisions\/202"}],"wp:attachment":[{"href":"https:\/\/tiwastech.com\/en\/wp-json\/wp\/v2\/media?parent=13"}],"curies":[{"name":"wp","href":"https:\/\/api.w.org\/{rel}","templated":true}]}}